{"id":148,"date":"2017-01-12T12:05:27","date_gmt":"2017-01-12T11:05:27","guid":{"rendered":"http:\/\/www.rybari-klasterec.kabel1.cz\/wp1\/?page_id=148"},"modified":"2026-04-15T18:44:51","modified_gmt":"2026-04-15T16:44:51","slug":"vybor","status":"publish","type":"page","link":"http:\/\/www.rybari-klasterec.kabel1.cz\/index.php\/kontakt\/vybor\/","title":{"rendered":"V\u00fdbor a DK"},"content":{"rendered":"<p><u><strong>V\u00fdbor MO<\/strong><\/u><br \/>\nMiroslav Kaiser, p\u0159edseda<br \/>\nDaniel Hn\u00e1t, jednatel pov\u011b\u0159en hospoda\u0159en\u00edm<br \/>\n<em>neobsazen<\/em>, hospod\u00e1\u0159<br \/>\nJan Kalku\u0161, \u00fa\u010detn\u00ed<br \/>\nSimona Hn\u00e1tov\u00e1, \u010dlen v\u00fdboru<br \/>\nBohumil Klof st. &#8211; spr\u00e1vce RD, pron\u00e1jmy RD<br \/>\nMichaela Maz\u00e1nkov\u00e1, pokladn\u00ed<\/p>\n<p><u><strong>Dozor\u010d\u00ed komise MO<\/strong><\/u><br \/>\nMichal Bor\u016fvka, p\u0159edseda revizn\u00ed komise<br \/>\nFranti\u0161ek Barto\u0148, \u010dlen revizn\u00ed komise<br \/>\nPetr \u010cekal, \u010dlen revizn\u00ed komise<\/p>\n<p><span style=\"text-decoration: underline;\"><strong>Ostatn\u00ed funkce<\/strong><\/span><br \/>\nMilan J\u00e1hna, vedouc\u00ed ml\u00e1de\u017ee<br \/>\nHana Du\u0161kov\u00e1, vedouc\u00ed ml\u00e1de\u017ee<br \/>\nKarel Chotovinsk\u00fd, vedouc\u00ed m\u00edstn\u00ed skupiny Str\u00e1\u017e nad Oh\u0159\u00ed<br \/>\nV\u00e1clav Hrub\u00fd, vedouc\u00ed m\u00edstn\u00ed skupiny Per\u0161tejn<\/p>\n","protected":false},"excerpt":{"rendered":"<p>V\u00fdbor MO Miroslav Kaiser, p\u0159edseda Daniel Hn\u00e1t, jednatel pov\u011b\u0159en hospoda\u0159en\u00edm neobsazen, hospod\u00e1\u0159 Jan Kalku\u0161, \u00fa\u010detn\u00ed Simona Hn\u00e1tov\u00e1, \u010dlen v\u00fdboru Bohumil Klof st. &#8211; spr\u00e1vce RD, pron\u00e1jmy RD Michaela Maz\u00e1nkov\u00e1, pokladn\u00ed Dozor\u010d\u00ed komise MO Michal Bor\u016fvka, p\u0159edseda revizn\u00ed komise Franti\u0161ek Barto\u0148, \u010dlen revizn\u00ed komise Petr \u010cekal, \u010dlen revizn\u00ed komise Ostatn\u00ed funkce Milan J\u00e1hna, vedouc\u00ed ml\u00e1de\u017ee Hana &hellip; <a href=\"http:\/\/www.rybari-klasterec.kabel1.cz\/index.php\/kontakt\/vybor\/\" class=\"more-link\">Pokra\u010dov\u00e1n\u00ed textu <span class=\"screen-reader-text\">V\u00fdbor a DK<\/span> <span class=\"meta-nav\">&rarr;<\/span><\/a><\/p>\n","protected":false},"author":3,"featured_media":0,"parent":4,"menu_order":0,"comment_status":"closed","ping_status":"closed","template":"","meta":{"footnotes":""},"_links":{"self":[{"href":"http:\/\/www.rybari-klasterec.kabel1.cz\/index.php\/wp-json\/wp\/v2\/pages\/148"}],"collection":[{"href":"http:\/\/www.rybari-klasterec.kabel1.cz\/index.php\/wp-json\/wp\/v2\/pages"}],"about":[{"href":"http:\/\/www.rybari-klasterec.kabel1.cz\/index.php\/wp-json\/wp\/v2\/types\/page"}],"author":[{"embeddable":true,"href":"http:\/\/www.rybari-klasterec.kabel1.cz\/index.php\/wp-json\/wp\/v2\/users\/3"}],"replies":[{"embeddable":true,"href":"http:\/\/www.rybari-klasterec.kabel1.cz\/index.php\/wp-json\/wp\/v2\/comments?post=148"}],"version-history":[{"count":22,"href":"http:\/\/www.rybari-klasterec.kabel1.cz\/index.php\/wp-json\/wp\/v2\/pages\/148\/revisions"}],"predecessor-version":[{"id":1025,"href":"http:\/\/www.rybari-klasterec.kabel1.cz\/index.php\/wp-json\/wp\/v2\/pages\/148\/revisions\/1025"}],"up":[{"embeddable":true,"href":"http:\/\/www.rybari-klasterec.kabel1.cz\/index.php\/wp-json\/wp\/v2\/pages\/4"}],"wp:attachment":[{"href":"http:\/\/www.rybari-klasterec.kabel1.cz\/index.php\/wp-json\/wp\/v2\/media?parent=148"}],"curies":[{"name":"wp","href":"https:\/\/api.w.org\/{rel}","templated":true}]}}