{"id":27,"date":"2016-06-22T15:10:10","date_gmt":"2016-06-22T14:10:10","guid":{"rendered":"http:\/\/www.rybari-klasterec.kabel1.cz\/wp1\/?page_id=27"},"modified":"2025-07-07T21:22:06","modified_gmt":"2025-07-07T19:22:06","slug":"brigady","status":"publish","type":"page","link":"http:\/\/www.rybari-klasterec.kabel1.cz\/index.php\/brigady\/","title":{"rendered":"Brig\u00e1dy"},"content":{"rendered":"<p>Brig\u00e1dy je pot\u0159eba odpracovat nebo zaplatit.<br \/>\nOd roku 2023 plat\u00ed povinnost 10 hodin.<br \/>\nPokud plat\u00edte za brig\u00e1du, cena je od 1.1.2023 100 K\u010d za 1 hodinu.<\/p>\n<p>&#8230;&#8230;.<\/p>\n","protected":false},"excerpt":{"rendered":"<p>Brig\u00e1dy je pot\u0159eba odpracovat nebo zaplatit. Od roku 2023 plat\u00ed povinnost 10 hodin. Pokud plat\u00edte za brig\u00e1du, cena je od 1.1.2023 100 K\u010d za 1 hodinu. &#8230;&#8230;.<\/p>\n","protected":false},"author":1,"featured_media":0,"parent":0,"menu_order":0,"comment_status":"closed","ping_status":"closed","template":"","meta":{"footnotes":""},"_links":{"self":[{"href":"http:\/\/www.rybari-klasterec.kabel1.cz\/index.php\/wp-json\/wp\/v2\/pages\/27"}],"collection":[{"href":"http:\/\/www.rybari-klasterec.kabel1.cz\/index.php\/wp-json\/wp\/v2\/pages"}],"about":[{"href":"http:\/\/www.rybari-klasterec.kabel1.cz\/index.php\/wp-json\/wp\/v2\/types\/page"}],"author":[{"embeddable":true,"href":"http:\/\/www.rybari-klasterec.kabel1.cz\/index.php\/wp-json\/wp\/v2\/users\/1"}],"replies":[{"embeddable":true,"href":"http:\/\/www.rybari-klasterec.kabel1.cz\/index.php\/wp-json\/wp\/v2\/comments?post=27"}],"version-history":[{"count":4,"href":"http:\/\/www.rybari-klasterec.kabel1.cz\/index.php\/wp-json\/wp\/v2\/pages\/27\/revisions"}],"predecessor-version":[{"id":830,"href":"http:\/\/www.rybari-klasterec.kabel1.cz\/index.php\/wp-json\/wp\/v2\/pages\/27\/revisions\/830"}],"wp:attachment":[{"href":"http:\/\/www.rybari-klasterec.kabel1.cz\/index.php\/wp-json\/wp\/v2\/media?parent=27"}],"curies":[{"name":"wp","href":"https:\/\/api.w.org\/{rel}","templated":true}]}}