{"id":4,"date":"2016-06-21T14:38:30","date_gmt":"2016-06-21T13:38:30","guid":{"rendered":"http:\/\/www.rybari-klasterec.kabel1.cz\/wp1\/?page_id=4"},"modified":"2023-12-20T08:39:12","modified_gmt":"2023-12-20T07:39:12","slug":"kontakt","status":"publish","type":"page","link":"http:\/\/www.rybari-klasterec.kabel1.cz\/index.php\/kontakt\/","title":{"rendered":"Kontakt"},"content":{"rendered":"<p>Adresa:<\/p>\n<p>\u010cesk\u00fd ryb\u00e1\u0159sk\u00fd svaz, z.s.,<br \/>m\u00edstn\u00ed organizace Kl\u00e1\u0161terec nad Oh\u0159\u00ed<br \/>Chomutovsk\u00e1 116<br \/>Kl\u00e1\u0161terec nad Oh\u0159\u00ed<br \/>431 51<\/p>\n<p>Datov\u00e1 schr\u00e1nka (od 25.1.2023): <strong>d6vvx82<\/strong><\/p>\n<p>Elektronick\u00e1 po\u0161tovn\u00ed schr\u00e1nka a webov\u00e9 str\u00e1nky:<br \/><strong>crs.mo.klasterec@seznam.cz<\/strong><br \/><a href=\"http:\/\/www.rybari-klasterec.kabel1.cz\/\">www.rybari-klasterec.kabel1.cz<\/a><\/p>\n<p>Telefonick\u00fd kontakt je t\u0159eba naj\u00edt v seznamu \u010dlen\u016f v\u00fdboru, vzhledem k tomu, \u017ee v s\u00eddle jsme jen jednou za 14 dn\u00ed, nem\u00e1me &#8222;centr\u00e1ln\u00ed&#8220; telefonick\u00fd kontakt. Hledejte v <a href=\"http:\/\/www.rybari-klasterec.kabel1.cz\/wp1\/index.php\/kontakt\/kontakty-na-cleny-vyboru\/\">uveden\u00fdch kontaktech \u010dlen\u016f v\u00fdboru<\/a>.<\/p>\n<p>Bankovn\u00ed \u00fa\u010dty:<br \/>\u00fa\u010det \u010d. <strong>2000504320\/2010<\/strong> ve FIO bance je <u>pouze pro platby \u010dlen\u016f!<\/u><br \/>\u00fa\u010det \u010d. <em>78-5623660227\/0100<\/em> v KB je pro v\u0161e ostatn\u00ed<\/p>\n<p>Sch\u016fze v\u00fdboru se kon\u00e1 jednou za 14 dn\u00ed.<br \/><a href=\"http:\/\/www.rybari-klasterec.kabel1.cz\/index.php\/data-schuzi-vyboru\/\">Data sch\u016fz\u00ed zde.<\/a><\/p>\n<p>Odkaz do registru ekonomick\u00fdch subjekt\u016f (MFCR.CZ &#8211; ARES):<br \/><a href=\"http:\/\/wwwinfo.mfcr.cz\/cgi-bin\/ares\/darv_res.cgi?ico=00482641&amp;jazyk=cz&amp;xml=1\" target=\"_blank\" rel=\"noopener noreferrer\">I\u010c 482641<\/a><\/p>\n<p>Odkaz do ve\u0159ejn\u00e9ho rejst\u0159\u00edku (JUSTICE.CZ):<br \/><a href=\"https:\/\/or.justice.cz\/ias\/ui\/rejstrik-$firma?ico=482641&amp;jenPlatne=PLATNE&amp;polozek=50&amp;typHledani=STARTS_WITH\" target=\"_blank\" rel=\"noopener noreferrer\">I\u010c 482641<\/a><\/p>\n\n\n<p><\/p>\n","protected":false},"excerpt":{"rendered":"<p>Adresa: \u010cesk\u00fd ryb\u00e1\u0159sk\u00fd svaz, z.s.,m\u00edstn\u00ed organizace Kl\u00e1\u0161terec nad Oh\u0159\u00edChomutovsk\u00e1 116Kl\u00e1\u0161terec nad Oh\u0159\u00ed431 51 Datov\u00e1 schr\u00e1nka (od 25.1.2023): d6vvx82 Elektronick\u00e1 po\u0161tovn\u00ed schr\u00e1nka a webov\u00e9 str\u00e1nky:crs.mo.klasterec@seznam.czwww.rybari-klasterec.kabel1.cz Telefonick\u00fd kontakt je t\u0159eba naj\u00edt v seznamu \u010dlen\u016f v\u00fdboru, vzhledem k tomu, \u017ee v s\u00eddle jsme jen jednou za 14 dn\u00ed, nem\u00e1me &#8222;centr\u00e1ln\u00ed&#8220; telefonick\u00fd kontakt. Hledejte v uveden\u00fdch kontaktech \u010dlen\u016f v\u00fdboru. &hellip; <a href=\"http:\/\/www.rybari-klasterec.kabel1.cz\/index.php\/kontakt\/\" class=\"more-link\">Pokra\u010dov\u00e1n\u00ed textu <span class=\"screen-reader-text\">Kontakt<\/span> <span class=\"meta-nav\">&rarr;<\/span><\/a><\/p>\n","protected":false},"author":1,"featured_media":0,"parent":0,"menu_order":0,"comment_status":"closed","ping_status":"closed","template":"","meta":{"footnotes":""},"_links":{"self":[{"href":"http:\/\/www.rybari-klasterec.kabel1.cz\/index.php\/wp-json\/wp\/v2\/pages\/4"}],"collection":[{"href":"http:\/\/www.rybari-klasterec.kabel1.cz\/index.php\/wp-json\/wp\/v2\/pages"}],"about":[{"href":"http:\/\/www.rybari-klasterec.kabel1.cz\/index.php\/wp-json\/wp\/v2\/types\/page"}],"author":[{"embeddable":true,"href":"http:\/\/www.rybari-klasterec.kabel1.cz\/index.php\/wp-json\/wp\/v2\/users\/1"}],"replies":[{"embeddable":true,"href":"http:\/\/www.rybari-klasterec.kabel1.cz\/index.php\/wp-json\/wp\/v2\/comments?post=4"}],"version-history":[{"count":22,"href":"http:\/\/www.rybari-klasterec.kabel1.cz\/index.php\/wp-json\/wp\/v2\/pages\/4\/revisions"}],"predecessor-version":[{"id":690,"href":"http:\/\/www.rybari-klasterec.kabel1.cz\/index.php\/wp-json\/wp\/v2\/pages\/4\/revisions\/690"}],"wp:attachment":[{"href":"http:\/\/www.rybari-klasterec.kabel1.cz\/index.php\/wp-json\/wp\/v2\/media?parent=4"}],"curies":[{"name":"wp","href":"https:\/\/api.w.org\/{rel}","templated":true}]}}