{"id":58,"date":"2016-07-08T21:33:37","date_gmt":"2016-07-08T20:33:37","guid":{"rendered":"http:\/\/www.rybari-klasterec.kabel1.cz\/wp1\/?page_id=58"},"modified":"2023-04-23T10:16:38","modified_gmt":"2023-04-23T08:16:38","slug":"jak-se-stat-clenem","status":"publish","type":"page","link":"http:\/\/www.rybari-klasterec.kabel1.cz\/index.php\/clen\/jak-se-stat-clenem\/","title":{"rendered":"Jak se st\u00e1t \u010dlenem?"},"content":{"rendered":"<p>Tento \u010dl\u00e1nek popisuje p\u0159ijet\u00ed nov\u00e9ho \u010dlena, kter\u00fd je\u0161t\u011b nebyl organizov\u00e1n v \u017e\u00e1dn\u00e9m spolku \u010cesk\u00e9ho ryb\u00e1\u0159sk\u00e9ho svazu. Na konci \u010dl\u00e1nku je obvykl\u00fd sled \u010dinnost\u00ed, jak postupovat.<\/p>\n<p>\u010clenem se m\u016f\u017eete st\u00e1t tak, \u017ee se z\u00fa\u010dastn\u00edte cel\u00e9ho vstupn\u00edho \u0161kolen\u00ed a \u00fasp\u011b\u0161n\u011b slo\u017e\u00edte zkou\u0161ku.<br \/>\nJsou s t\u00edm spojen\u00e9 i poplatky.<br \/>\nPrvn\u00ed poplatek je z\u00e1pisn\u00e9 nebo jinak tzv. &#8222;zarybn\u011bn\u00ed&#8220;.<br \/>\nDruh\u00fd poplatek je \u010dlensk\u00fd p\u0159\u00edsp\u011bvek na rok (i za \u010d\u00e1st roku je pln\u00fd poplatek).<br \/>\nT\u00edm jste \u010dlen.<br \/>\nV\u00fd\u0161e poplatk\u016f se ka\u017ed\u00fd rok m\u016f\u017ee m\u011bnit &#8211; viz. jinde na na\u0161ich str\u00e1nk\u00e1ch.<\/p>\n<p>Na to, abyste mohli chytat, pot\u0159ebujete tzv. st\u00e1tn\u00ed ryb\u00e1\u0159sk\u00fd l\u00edstek a p\u0159\u00edslu\u0161nou povolenku k rybolovu.<br \/>\nSt\u00e1tn\u00ed ryb\u00e1\u0159sk\u00fd l\u00edstek po\u0159\u00edd\u00edte na m\u011bstsk\u00e9m \u00fa\u0159adu v Kl\u00e1\u0161terci &#8211; k tomu pot\u0159ebujete potvrzen\u00ed o \u00fasp\u011b\u0161n\u00e9m absolvov\u00e1n\u00ed \u0161kolen\u00ed a tak\u00e9 ob\u010danku (pro ml\u00e1de\u017e do 15-ti let, kte\u0159\u00ed nemaj\u00ed ob\u010danku, sta\u010d\u00ed rodn\u00fd list).<\/p>\n<p>Postup:<br \/>\n1) kontaktovat jednatele (viz. <a href=\"http:\/\/www.rybari-klasterec.kabel1.cz\/wp1\/index.php\/kontakt\/kontakty-na-cleny-vyboru\/\">kontakty<\/a>) a zjistit si term\u00edn \u0161kolen\u00ed.<br \/>\n\u0160kolen\u00ed je bu\u010f pravideln\u00e9, je\u017e prob\u00edh\u00e1 obvykle jednou ro\u010dne v lednu (bude zde na webu minim\u00e1ln\u011b 14 dn\u00ed p\u0159ed zah\u00e1jen\u00edm). Nebo je individu\u00e1ln\u00ed.<\/p>\n<p>2) z\u00fa\u010dastnit se cel\u00e9ho \u0161kolen\u00ed (p\u0159i prvn\u00ed n\u00e1v\u0161t\u011bv\u011b se plat\u00ed poplatek za zarybn\u011bn\u00ed) a na konci \u00fasp\u011b\u0161n\u011b slo\u017eit zkou\u0161ku. \u0160kolen\u00ed obvykle trv\u00e1 dv\u011b po sob\u011b jdouc\u00ed ned\u011ble, od r\u00e1na do ob\u011bda. Z\u00edsk\u00e1te potvrzen\u00ed.<\/p>\n<p>3) S t\u00edmto potvrzen\u00edm zajdete na M\u011bstsk\u00fd \u00fa\u0159ad do Kl\u00e1\u0161terce, kde V\u00e1m vystav\u00ed st\u00e1tn\u00ed ryb\u00e1\u0159sk\u00fd l\u00edstek (na 1 rok, na 3 roky, na 10 let, a nov\u011b od r. 2017 je mo\u017eno po\u0159\u00eddit do\u017eivotn\u00ed l\u00edstek). Hrad\u00ed se poplatek (viz. cen\u00edk nap\u0159. <a href=\"http:\/\/www.crsusti.cz\/cz\/rybolov\/povolenky-rybarske-listky\">na str\u00e1nce<\/a> S\u00daS \u010cRS).<\/p>\n<p>4) S platn\u00fdm st\u00e1tn\u00edm ryb\u00e1\u0159sk\u00fdm l\u00edstkem si m\u016f\u017eete po\u017e\u00e1dat o povolenku &#8211; pokud m\u00e1te spln\u011bny v\u0161echny povinnosti \u010dlena, dostanete pokyny k platb\u011b (za \u010dlenstv\u00ed, krmen\u00ed, povolenku a pravd\u011bpodobn\u011b i brig\u00e1du).<\/p>\n<p>5) S potvrzen\u00edm o platb\u011b si ve v\u00fddejn\u00ed dny m\u016f\u017eete doj\u00edt pro povolenku &#8211; dostanete i nov\u011b vypln\u011bnou legitimaci.<\/p>\n<p>6) NEZAPOME\u0147TE po skon\u010den\u00ed platnosti povolenky ji vr\u00e1tit do 15 dn\u016f organizaci, kter\u00e1 povolenku vydala, je to jedna ze z\u00e1kladn\u00edch povinnost\u00ed \u010dlena, bez toho V\u00e1m nebude v n\u00e1sleduj\u00edc\u00edm roce vyd\u00e1na povolenka (mus\u00ed b\u00fdt spln\u011bny v\u0161echny \u010dlensk\u00e9 povinnosti a toto je jedna ze z\u00e1kladn\u00edch). Lze ji vr\u00e1tit i po\u0161tou.<\/p>\n<p>Informujte se o mo\u017enosti si brig\u00e1du odpracovat, pracant\u016f je m\u00e1lo.<\/p>\n","protected":false},"excerpt":{"rendered":"<p>Tento \u010dl\u00e1nek popisuje p\u0159ijet\u00ed nov\u00e9ho \u010dlena, kter\u00fd je\u0161t\u011b nebyl organizov\u00e1n v \u017e\u00e1dn\u00e9m spolku \u010cesk\u00e9ho ryb\u00e1\u0159sk\u00e9ho svazu. Na konci \u010dl\u00e1nku je obvykl\u00fd sled \u010dinnost\u00ed, jak postupovat. \u010clenem se m\u016f\u017eete st\u00e1t tak, \u017ee se z\u00fa\u010dastn\u00edte cel\u00e9ho vstupn\u00edho \u0161kolen\u00ed a \u00fasp\u011b\u0161n\u011b slo\u017e\u00edte zkou\u0161ku. Jsou s t\u00edm spojen\u00e9 i poplatky. Prvn\u00ed poplatek je z\u00e1pisn\u00e9 nebo jinak tzv. &#8222;zarybn\u011bn\u00ed&#8220;. Druh\u00fd &hellip; <a href=\"http:\/\/www.rybari-klasterec.kabel1.cz\/index.php\/clen\/jak-se-stat-clenem\/\" class=\"more-link\">Pokra\u010dov\u00e1n\u00ed textu <span class=\"screen-reader-text\">Jak se st\u00e1t \u010dlenem?<\/span> <span class=\"meta-nav\">&rarr;<\/span><\/a><\/p>\n","protected":false},"author":1,"featured_media":0,"parent":36,"menu_order":0,"comment_status":"closed","ping_status":"closed","template":"","meta":{"footnotes":""},"_links":{"self":[{"href":"http:\/\/www.rybari-klasterec.kabel1.cz\/index.php\/wp-json\/wp\/v2\/pages\/58"}],"collection":[{"href":"http:\/\/www.rybari-klasterec.kabel1.cz\/index.php\/wp-json\/wp\/v2\/pages"}],"about":[{"href":"http:\/\/www.rybari-klasterec.kabel1.cz\/index.php\/wp-json\/wp\/v2\/types\/page"}],"author":[{"embeddable":true,"href":"http:\/\/www.rybari-klasterec.kabel1.cz\/index.php\/wp-json\/wp\/v2\/users\/1"}],"replies":[{"embeddable":true,"href":"http:\/\/www.rybari-klasterec.kabel1.cz\/index.php\/wp-json\/wp\/v2\/comments?post=58"}],"version-history":[{"count":14,"href":"http:\/\/www.rybari-klasterec.kabel1.cz\/index.php\/wp-json\/wp\/v2\/pages\/58\/revisions"}],"predecessor-version":[{"id":665,"href":"http:\/\/www.rybari-klasterec.kabel1.cz\/index.php\/wp-json\/wp\/v2\/pages\/58\/revisions\/665"}],"up":[{"embeddable":true,"href":"http:\/\/www.rybari-klasterec.kabel1.cz\/index.php\/wp-json\/wp\/v2\/pages\/36"}],"wp:attachment":[{"href":"http:\/\/www.rybari-klasterec.kabel1.cz\/index.php\/wp-json\/wp\/v2\/media?parent=58"}],"curies":[{"name":"wp","href":"https:\/\/api.w.org\/{rel}","templated":true}]}}