{"id":867,"date":"2025-09-17T16:45:22","date_gmt":"2025-09-17T14:45:22","guid":{"rendered":"https:\/\/www.rybari-klasterec.kabel1.cz\/?page_id=867"},"modified":"2026-04-19T11:41:18","modified_gmt":"2026-04-19T09:41:18","slug":"zapisy-ze-clenskych-schuzi-mo","status":"publish","type":"page","link":"http:\/\/www.rybari-klasterec.kabel1.cz\/index.php\/zapisy-ze-clenskych-schuzi-mo\/","title":{"rendered":"Z\u00e1pisy z \u010dlensk\u00fdch sch\u016fz\u00ed MO"},"content":{"rendered":"\n<ul>\n<li><a href=\"http:\/\/www.rybari-klasterec.kabel1.cz\/wp-content\/uploads\/Zapis-VCS-2025.pdf\">Z\u00e1pis V\u010cS MO 6.4.2025<\/a><\/li>\n\n\n\n<li><a href=\"http:\/\/www.rybari-klasterec.kabel1.cz\/wp-content\/uploads\/Zapis-VCS-scaled.jpeg\">Z\u00e1pis V\u010cS MO 29.3.2026<\/a><\/li>\n<\/ul>\n","protected":false},"excerpt":{"rendered":"","protected":false},"author":3,"featured_media":0,"parent":0,"menu_order":0,"comment_status":"closed","ping_status":"closed","template":"","meta":{"footnotes":""},"_links":{"self":[{"href":"http:\/\/www.rybari-klasterec.kabel1.cz\/index.php\/wp-json\/wp\/v2\/pages\/867"}],"collection":[{"href":"http:\/\/www.rybari-klasterec.kabel1.cz\/index.php\/wp-json\/wp\/v2\/pages"}],"about":[{"href":"http:\/\/www.rybari-klasterec.kabel1.cz\/index.php\/wp-json\/wp\/v2\/types\/page"}],"author":[{"embeddable":true,"href":"http:\/\/www.rybari-klasterec.kabel1.cz\/index.php\/wp-json\/wp\/v2\/users\/3"}],"replies":[{"embeddable":true,"href":"http:\/\/www.rybari-klasterec.kabel1.cz\/index.php\/wp-json\/wp\/v2\/comments?post=867"}],"version-history":[{"count":5,"href":"http:\/\/www.rybari-klasterec.kabel1.cz\/index.php\/wp-json\/wp\/v2\/pages\/867\/revisions"}],"predecessor-version":[{"id":1037,"href":"http:\/\/www.rybari-klasterec.kabel1.cz\/index.php\/wp-json\/wp\/v2\/pages\/867\/revisions\/1037"}],"wp:attachment":[{"href":"http:\/\/www.rybari-klasterec.kabel1.cz\/index.php\/wp-json\/wp\/v2\/media?parent=867"}],"curies":[{"name":"wp","href":"https:\/\/api.w.org\/{rel}","templated":true}]}}