{"id":973,"date":"2026-02-14T17:04:24","date_gmt":"2026-02-14T16:04:24","guid":{"rendered":"https:\/\/www.rybari-klasterec.kabel1.cz\/?page_id=973"},"modified":"2026-03-08T12:01:02","modified_gmt":"2026-03-08T11:01:02","slug":"zapisy-ze-schuzi-vyboru-mo","status":"publish","type":"page","link":"http:\/\/www.rybari-klasterec.kabel1.cz\/index.php\/zapisy-ze-schuzi-vyboru-mo\/","title":{"rendered":"Z\u00e1pisy ze sch\u016fz\u00ed v\u00fdboru MO"},"content":{"rendered":"\n<p> Zde jsou z\u00e1pisy ze sch\u016fz\u00ed v\u00fdboru m\u00edstn\u00ed organizace v aktu\u00e1ln\u00edm roce. Star\u0161\u00ed z\u00e1pisy naleznete zde: <a href=\"https:\/\/www.rybari-klasterec.kabel1.cz\/index.php\/zapisy-ze-schuzi\/\" data-type=\"link\" data-id=\"https:\/\/www.rybari-klasterec.kabel1.cz\/index.php\/zapisy-ze-schuzi\/\">Archiv star\u0161\u00edch z\u00e1pis\u016f v\u00fdborov\u00fdch sch\u016fz\u00ed m\u00edstn\u00ed organizace<\/a>.<\/p>\n\n\n\n<ul>\n<li><a href=\"http:\/\/www.rybari-klasterec.kabel1.cz\/wp-content\/uploads\/MO-7.1.26.pdf\">7.1.2026<\/a><\/li>\n\n\n\n<li><a href=\"http:\/\/www.rybari-klasterec.kabel1.cz\/wp-content\/uploads\/MO21.1.26.pdf\">21.1.2026<\/a><\/li>\n\n\n\n<li><a href=\"http:\/\/www.rybari-klasterec.kabel1.cz\/wp-content\/uploads\/MO-4.2.26.pdf\">4.2.2026<\/a><\/li>\n\n\n\n<li><a href=\"http:\/\/www.rybari-klasterec.kabel1.cz\/wp-content\/uploads\/MO_18.2.26.pdf\">18.2.2026<\/a><\/li>\n\n\n\n<li>4.3.2026<\/li>\n\n\n\n<li><\/li>\n<\/ul>\n","protected":false},"excerpt":{"rendered":"<p>Zde jsou z\u00e1pisy ze sch\u016fz\u00ed v\u00fdboru m\u00edstn\u00ed organizace v aktu\u00e1ln\u00edm roce. Star\u0161\u00ed z\u00e1pisy naleznete zde: Archiv star\u0161\u00edch z\u00e1pis\u016f v\u00fdborov\u00fdch sch\u016fz\u00ed m\u00edstn\u00ed organizace.<\/p>\n","protected":false},"author":2,"featured_media":0,"parent":0,"menu_order":0,"comment_status":"closed","ping_status":"closed","template":"","meta":{"footnotes":""},"_links":{"self":[{"href":"http:\/\/www.rybari-klasterec.kabel1.cz\/index.php\/wp-json\/wp\/v2\/pages\/973"}],"collection":[{"href":"http:\/\/www.rybari-klasterec.kabel1.cz\/index.php\/wp-json\/wp\/v2\/pages"}],"about":[{"href":"http:\/\/www.rybari-klasterec.kabel1.cz\/index.php\/wp-json\/wp\/v2\/types\/page"}],"author":[{"embeddable":true,"href":"http:\/\/www.rybari-klasterec.kabel1.cz\/index.php\/wp-json\/wp\/v2\/users\/2"}],"replies":[{"embeddable":true,"href":"http:\/\/www.rybari-klasterec.kabel1.cz\/index.php\/wp-json\/wp\/v2\/comments?post=973"}],"version-history":[{"count":8,"href":"http:\/\/www.rybari-klasterec.kabel1.cz\/index.php\/wp-json\/wp\/v2\/pages\/973\/revisions"}],"predecessor-version":[{"id":1003,"href":"http:\/\/www.rybari-klasterec.kabel1.cz\/index.php\/wp-json\/wp\/v2\/pages\/973\/revisions\/1003"}],"wp:attachment":[{"href":"http:\/\/www.rybari-klasterec.kabel1.cz\/index.php\/wp-json\/wp\/v2\/media?parent=973"}],"curies":[{"name":"wp","href":"https:\/\/api.w.org\/{rel}","templated":true}]}}