{"id":23,"date":"2016-06-22T15:05:26","date_gmt":"2016-06-22T14:05:26","guid":{"rendered":"http:\/\/www.rybari-klasterec.kabel1.cz\/wp1\/?page_id=23"},"modified":"2017-01-06T08:25:23","modified_gmt":"2017-01-06T07:25:23","slug":"uvod","status":"publish","type":"page","link":"https:\/\/www.rybari-klasterec.kabel1.cz\/index.php\/uvod\/","title":{"rendered":"O n\u00e1s"},"content":{"rendered":"<p>Toto jsou ofici\u00e1ln\u00ed str\u00e1nky \u010cesk\u00e9ho ryb\u00e1\u0159sk\u00e9ho svazu, m\u00edstn\u00ed organizace Kl\u00e1\u0161terec nad Oh\u0159\u00ed.<\/p>\n","protected":false},"excerpt":{"rendered":"<p>Toto jsou ofici\u00e1ln\u00ed str\u00e1nky \u010cesk\u00e9ho ryb\u00e1\u0159sk\u00e9ho svazu, m\u00edstn\u00ed organizace Kl\u00e1\u0161terec nad Oh\u0159\u00ed.<\/p>\n","protected":false},"author":1,"featured_media":0,"parent":0,"menu_order":0,"comment_status":"closed","ping_status":"closed","template":"","meta":{"footnotes":""},"_links":{"self":[{"href":"https:\/\/www.rybari-klasterec.kabel1.cz\/index.php\/wp-json\/wp\/v2\/pages\/23"}],"collection":[{"href":"https:\/\/www.rybari-klasterec.kabel1.cz\/index.php\/wp-json\/wp\/v2\/pages"}],"about":[{"href":"https:\/\/www.rybari-klasterec.kabel1.cz\/index.php\/wp-json\/wp\/v2\/types\/page"}],"author":[{"embeddable":true,"href":"https:\/\/www.rybari-klasterec.kabel1.cz\/index.php\/wp-json\/wp\/v2\/users\/1"}],"replies":[{"embeddable":true,"href":"https:\/\/www.rybari-klasterec.kabel1.cz\/index.php\/wp-json\/wp\/v2\/comments?post=23"}],"version-history":[{"count":2,"href":"https:\/\/www.rybari-klasterec.kabel1.cz\/index.php\/wp-json\/wp\/v2\/pages\/23\/revisions"}],"predecessor-version":[{"id":90,"href":"https:\/\/www.rybari-klasterec.kabel1.cz\/index.php\/wp-json\/wp\/v2\/pages\/23\/revisions\/90"}],"wp:attachment":[{"href":"https:\/\/www.rybari-klasterec.kabel1.cz\/index.php\/wp-json\/wp\/v2\/media?parent=23"}],"curies":[{"name":"wp","href":"https:\/\/api.w.org\/{rel}","templated":true}]}}