{"id":34,"date":"2016-06-22T16:12:09","date_gmt":"2016-06-22T15:12:09","guid":{"rendered":"http:\/\/www.rybari-klasterec.kabel1.cz\/wp1\/?page_id=34"},"modified":"2023-04-23T09:26:38","modified_gmt":"2023-04-23T07:26:38","slug":"povolenky","status":"publish","type":"page","link":"https:\/\/www.rybari-klasterec.kabel1.cz\/index.php\/povolenky\/","title":{"rendered":"Povolenky"},"content":{"rendered":"<p><a href=\"http:\/\/www.rybari-klasterec.kabel1.cz\/wp1\/index.php\/2022\/12\/15\/vyber-povolenek-za-rok-2022\/\">Zde je informace<\/a> o v\u00fdb\u011brech povolenek za rok 2022.<br \/>\nInformace o v\u00fddeji nov\u00fdch povolenek pro rok 2023 je <a href=\"http:\/\/www.rybari-klasterec.kabel1.cz\/wp1\/index.php\/2022\/12\/15\/vydej-novych-povolenek-pro-rok-2023\/\">zde<\/a>.<br \/>\n<a href=\"http:\/\/www.rybari-klasterec.kabel1.cz\/wp1\/index.php\/2022\/12\/16\/cenik-2023-povolenky-znamky-brigady\/\">Cen\u00edk povolenek a zn\u00e1mek pro rok 2023<\/a> je zkop\u00edrov\u00e1n ze <a href=\"https:\/\/www.crsusti.cz\/cz\/rybolov\/povolenky-rybarske-listky\" target=\"_blank\" rel=\"noopener noreferrer\">str\u00e1nek \u010cRS S\u00daS<\/a>.<\/p>\n","protected":false},"excerpt":{"rendered":"<p>Zde je informace o v\u00fdb\u011brech povolenek za rok 2022. Informace o v\u00fddeji nov\u00fdch povolenek pro rok 2023 je zde. Cen\u00edk povolenek a zn\u00e1mek pro rok 2023 je zkop\u00edrov\u00e1n ze str\u00e1nek \u010cRS S\u00daS.<\/p>\n","protected":false},"author":1,"featured_media":0,"parent":0,"menu_order":0,"comment_status":"closed","ping_status":"closed","template":"","meta":{"footnotes":""},"_links":{"self":[{"href":"https:\/\/www.rybari-klasterec.kabel1.cz\/index.php\/wp-json\/wp\/v2\/pages\/34"}],"collection":[{"href":"https:\/\/www.rybari-klasterec.kabel1.cz\/index.php\/wp-json\/wp\/v2\/pages"}],"about":[{"href":"https:\/\/www.rybari-klasterec.kabel1.cz\/index.php\/wp-json\/wp\/v2\/types\/page"}],"author":[{"embeddable":true,"href":"https:\/\/www.rybari-klasterec.kabel1.cz\/index.php\/wp-json\/wp\/v2\/users\/1"}],"replies":[{"embeddable":true,"href":"https:\/\/www.rybari-klasterec.kabel1.cz\/index.php\/wp-json\/wp\/v2\/comments?post=34"}],"version-history":[{"count":11,"href":"https:\/\/www.rybari-klasterec.kabel1.cz\/index.php\/wp-json\/wp\/v2\/pages\/34\/revisions"}],"predecessor-version":[{"id":662,"href":"https:\/\/www.rybari-klasterec.kabel1.cz\/index.php\/wp-json\/wp\/v2\/pages\/34\/revisions\/662"}],"wp:attachment":[{"href":"https:\/\/www.rybari-klasterec.kabel1.cz\/index.php\/wp-json\/wp\/v2\/media?parent=34"}],"curies":[{"name":"wp","href":"https:\/\/api.w.org\/{rel}","templated":true}]}}