{"id":36,"date":"2016-06-22T16:15:02","date_gmt":"2016-06-22T15:15:02","guid":{"rendered":"http:\/\/www.rybari-klasterec.kabel1.cz\/wp1\/?page_id=36"},"modified":"2017-01-12T12:25:33","modified_gmt":"2017-01-12T11:25:33","slug":"clen","status":"publish","type":"page","link":"https:\/\/www.rybari-klasterec.kabel1.cz\/index.php\/clen\/","title":{"rendered":"\u010clen"},"content":{"rendered":"<p>V tomto menu budou zve\u0159ej\u0148ov\u00e1ny \u00fadaje pro \u010dleny.<br \/>\nRozklikn\u011bte menu na dal\u0161\u00ed podslo\u017eky.<\/p>\n","protected":false},"excerpt":{"rendered":"<p>V tomto menu budou zve\u0159ej\u0148ov\u00e1ny \u00fadaje pro \u010dleny. Rozklikn\u011bte menu na dal\u0161\u00ed podslo\u017eky.<\/p>\n","protected":false},"author":1,"featured_media":0,"parent":0,"menu_order":0,"comment_status":"closed","ping_status":"closed","template":"","meta":{"footnotes":""},"_links":{"self":[{"href":"https:\/\/www.rybari-klasterec.kabel1.cz\/index.php\/wp-json\/wp\/v2\/pages\/36"}],"collection":[{"href":"https:\/\/www.rybari-klasterec.kabel1.cz\/index.php\/wp-json\/wp\/v2\/pages"}],"about":[{"href":"https:\/\/www.rybari-klasterec.kabel1.cz\/index.php\/wp-json\/wp\/v2\/types\/page"}],"author":[{"embeddable":true,"href":"https:\/\/www.rybari-klasterec.kabel1.cz\/index.php\/wp-json\/wp\/v2\/users\/1"}],"replies":[{"embeddable":true,"href":"https:\/\/www.rybari-klasterec.kabel1.cz\/index.php\/wp-json\/wp\/v2\/comments?post=36"}],"version-history":[{"count":2,"href":"https:\/\/www.rybari-klasterec.kabel1.cz\/index.php\/wp-json\/wp\/v2\/pages\/36\/revisions"}],"predecessor-version":[{"id":156,"href":"https:\/\/www.rybari-klasterec.kabel1.cz\/index.php\/wp-json\/wp\/v2\/pages\/36\/revisions\/156"}],"wp:attachment":[{"href":"https:\/\/www.rybari-klasterec.kabel1.cz\/index.php\/wp-json\/wp\/v2\/media?parent=36"}],"curies":[{"name":"wp","href":"https:\/\/api.w.org\/{rel}","templated":true}]}}