{"id":687,"date":"2023-12-20T08:34:17","date_gmt":"2023-12-20T07:34:17","guid":{"rendered":"http:\/\/www.rybari-klasterec.kabel1.cz\/?page_id=687"},"modified":"2025-03-26T10:45:37","modified_gmt":"2025-03-26T09:45:37","slug":"data-schuzi-vyboru","status":"publish","type":"page","link":"https:\/\/www.rybari-klasterec.kabel1.cz\/index.php\/data-schuzi-vyboru\/","title":{"rendered":"Data sch\u016fz\u00ed v\u00fdboru"},"content":{"rendered":"\n<p>Sch\u016fze v\u00fdboru se kon\u00e1 <strong>jednou za 14 dn\u00ed sud\u00fd t\u00fdden ve st\u0159edu od 18:00 na ryb\u00e1\u0159sk\u00e9m dom\u011b<\/strong>, obvykle trv\u00e1 minim\u00e1ln\u011b do 19:00, v\u011bt\u0161inou kon\u010d\u00ed v 19:30 a\u017e 20:00. O letn\u00edch pr\u00e1zdnin\u00e1ch sch\u016fze nen\u00ed, ve v\u00fdznamn\u00e9 dny (jako nap\u0159. V\u00e1no\u010dn\u00ed sv\u00e1tky) m\u016f\u017ee b\u00fdt sch\u016fze zru\u0161ena \u010di p\u0159esunuta na jin\u00fd term\u00edn.<\/p>\n\n\n\n<p><em>08.01.2025<br>22.01.2025<br>05.02.2025<br>19.02.2025<br>05.03.2025<br>19.03.2025<br>02.04.2025<br>16.04.2025<br>30.04.2025<br>14.05.2025<br>28.05.2025<br>11.06.2025<br>25.06.2025<br>09.07.2025 pr\u00e1zdniny, sch\u016fze nebude<br>23.07.2025<em> pr\u00e1zdniny, sch\u016fze nebude<\/em><br>06.08.2025<em> pr\u00e1zdniny, sch\u016fze nebude<\/em><br>20.08.2025<em> pr\u00e1zdniny, sch\u016fze nebude<\/em><br>03.09.2025<br>17.09.2025<br>01.10.2025<br>15.10.2025<br>29.10.2025<br>12.11.2025<br>26.11.2025<br>10.12.2025<br>24.12.2025 sv\u00e1tek, sch\u016fze nebude<br>07.01.2026<\/em><\/p>\n","protected":false},"excerpt":{"rendered":"<p>Sch\u016fze v\u00fdboru se kon\u00e1 jednou za 14 dn\u00ed sud\u00fd t\u00fdden ve st\u0159edu od 18:00 na ryb\u00e1\u0159sk\u00e9m dom\u011b, obvykle trv\u00e1 minim\u00e1ln\u011b do 19:00, v\u011bt\u0161inou kon\u010d\u00ed v 19:30 a\u017e 20:00. O letn\u00edch pr\u00e1zdnin\u00e1ch sch\u016fze nen\u00ed, ve v\u00fdznamn\u00e9 dny (jako nap\u0159. V\u00e1no\u010dn\u00ed sv\u00e1tky) m\u016f\u017ee b\u00fdt sch\u016fze zru\u0161ena \u010di p\u0159esunuta na jin\u00fd term\u00edn. 08.01.202522.01.202505.02.202519.02.202505.03.202519.03.202502.04.202516.04.202530.04.202514.05.202528.05.202511.06.202525.06.202509.07.2025 pr\u00e1zdniny, sch\u016fze nebude23.07.2025 pr\u00e1zdniny, sch\u016fze &hellip; <a href=\"https:\/\/www.rybari-klasterec.kabel1.cz\/index.php\/data-schuzi-vyboru\/\" class=\"more-link\">Pokra\u010dov\u00e1n\u00ed textu <span class=\"screen-reader-text\">Data sch\u016fz\u00ed v\u00fdboru<\/span> <span class=\"meta-nav\">&rarr;<\/span><\/a><\/p>\n","protected":false},"author":3,"featured_media":0,"parent":0,"menu_order":0,"comment_status":"closed","ping_status":"closed","template":"","meta":{"footnotes":""},"_links":{"self":[{"href":"https:\/\/www.rybari-klasterec.kabel1.cz\/index.php\/wp-json\/wp\/v2\/pages\/687"}],"collection":[{"href":"https:\/\/www.rybari-klasterec.kabel1.cz\/index.php\/wp-json\/wp\/v2\/pages"}],"about":[{"href":"https:\/\/www.rybari-klasterec.kabel1.cz\/index.php\/wp-json\/wp\/v2\/types\/page"}],"author":[{"embeddable":true,"href":"https:\/\/www.rybari-klasterec.kabel1.cz\/index.php\/wp-json\/wp\/v2\/users\/3"}],"replies":[{"embeddable":true,"href":"https:\/\/www.rybari-klasterec.kabel1.cz\/index.php\/wp-json\/wp\/v2\/comments?post=687"}],"version-history":[{"count":3,"href":"https:\/\/www.rybari-klasterec.kabel1.cz\/index.php\/wp-json\/wp\/v2\/pages\/687\/revisions"}],"predecessor-version":[{"id":778,"href":"https:\/\/www.rybari-klasterec.kabel1.cz\/index.php\/wp-json\/wp\/v2\/pages\/687\/revisions\/778"}],"wp:attachment":[{"href":"https:\/\/www.rybari-klasterec.kabel1.cz\/index.php\/wp-json\/wp\/v2\/media?parent=687"}],"curies":[{"name":"wp","href":"https:\/\/api.w.org\/{rel}","templated":true}]}}