{"id":80,"date":"2017-01-04T21:28:32","date_gmt":"2017-01-04T20:28:32","guid":{"rendered":"http:\/\/www.rybari-klasterec.kabel1.cz\/wp1\/?page_id=80"},"modified":"2026-04-15T18:47:52","modified_gmt":"2026-04-15T16:47:52","slug":"kontakty-na-cleny-vyboru","status":"publish","type":"page","link":"https:\/\/www.rybari-klasterec.kabel1.cz\/index.php\/kontakt\/kontakty-na-cleny-vyboru\/","title":{"rendered":"Kontakty na \u010dleny v\u00fdboru a DK"},"content":{"rendered":"<p>V\u011bt\u0161ina \u010dlen\u016f v\u00fdboru dost\u00e1v\u00e1 zpr\u00e1vy poslan\u00e9 na adresu <em>crs.mo.klasterec@seznam.cz<\/em><\/p>\n<p><em>p\u0159edseda Miroslav Kaiser, tel. 602 111 276<\/em><br \/><em>\u00fa\u010detn\u00ed Jan Kalku\u0161, tel. 777 175 646<\/em><br \/><em>\u010dlen v\u00fdboru, v\u00fddej povolenek, Simona Hn\u00e1tov\u00e1, tel. 722 905 527<br \/>spr\u00e1vce RD Bohumil Klof st., tel. 734 883 810<br \/>pokladn\u00ed Michaela Maz\u00e1nkov\u00e1, tel. 773 653 207<br \/><\/em><em>jednatel pov\u011b\u0159en\u00fd hospoda\u0159en\u00edm Daniel Hn\u00e1t, tel. 720 737 852<br \/><br \/>p\u0159edseda DK\u00a0 Michal Bor\u016fvka, tel. 773 467 625<br \/>\u010dlen DK\u00a0 Franti\u0161ek Barto\u0148, tel. 724 213 667<\/em><\/p>\n\n\n<p><\/p>\n\n\n\n<p><\/p>\n","protected":false},"excerpt":{"rendered":"<p>V\u011bt\u0161ina \u010dlen\u016f v\u00fdboru dost\u00e1v\u00e1 zpr\u00e1vy poslan\u00e9 na adresu crs.mo.klasterec@seznam.cz p\u0159edseda Miroslav Kaiser, tel. 602 111 276\u00fa\u010detn\u00ed Jan Kalku\u0161, tel. 777 175 646\u010dlen v\u00fdboru, v\u00fddej povolenek, Simona Hn\u00e1tov\u00e1, tel. 722 905 527spr\u00e1vce RD Bohumil Klof st., tel. 734 883 810pokladn\u00ed Michaela Maz\u00e1nkov\u00e1, tel. 773 653 207jednatel pov\u011b\u0159en\u00fd hospoda\u0159en\u00edm Daniel Hn\u00e1t, tel. 720 737 852 p\u0159edseda DK\u00a0 &hellip; <a href=\"https:\/\/www.rybari-klasterec.kabel1.cz\/index.php\/kontakt\/kontakty-na-cleny-vyboru\/\" class=\"more-link\">Pokra\u010dov\u00e1n\u00ed textu <span class=\"screen-reader-text\">Kontakty na \u010dleny v\u00fdboru a DK<\/span> <span class=\"meta-nav\">&rarr;<\/span><\/a><\/p>\n","protected":false},"author":1,"featured_media":0,"parent":4,"menu_order":0,"comment_status":"closed","ping_status":"closed","template":"","meta":{"footnotes":""},"_links":{"self":[{"href":"https:\/\/www.rybari-klasterec.kabel1.cz\/index.php\/wp-json\/wp\/v2\/pages\/80"}],"collection":[{"href":"https:\/\/www.rybari-klasterec.kabel1.cz\/index.php\/wp-json\/wp\/v2\/pages"}],"about":[{"href":"https:\/\/www.rybari-klasterec.kabel1.cz\/index.php\/wp-json\/wp\/v2\/types\/page"}],"author":[{"embeddable":true,"href":"https:\/\/www.rybari-klasterec.kabel1.cz\/index.php\/wp-json\/wp\/v2\/users\/1"}],"replies":[{"embeddable":true,"href":"https:\/\/www.rybari-klasterec.kabel1.cz\/index.php\/wp-json\/wp\/v2\/comments?post=80"}],"version-history":[{"count":22,"href":"https:\/\/www.rybari-klasterec.kabel1.cz\/index.php\/wp-json\/wp\/v2\/pages\/80\/revisions"}],"predecessor-version":[{"id":1026,"href":"https:\/\/www.rybari-klasterec.kabel1.cz\/index.php\/wp-json\/wp\/v2\/pages\/80\/revisions\/1026"}],"up":[{"embeddable":true,"href":"https:\/\/www.rybari-klasterec.kabel1.cz\/index.php\/wp-json\/wp\/v2\/pages\/4"}],"wp:attachment":[{"href":"https:\/\/www.rybari-klasterec.kabel1.cz\/index.php\/wp-json\/wp\/v2\/media?parent=80"}],"curies":[{"name":"wp","href":"https:\/\/api.w.org\/{rel}","templated":true}]}}