{"id":818,"date":"2025-07-07T20:51:10","date_gmt":"2025-07-07T18:51:10","guid":{"rendered":"https:\/\/www.rybari-klasterec.kabel1.cz\/?page_id=818"},"modified":"2026-02-14T17:09:41","modified_gmt":"2026-02-14T16:09:41","slug":"zapisy-ze-schuzi","status":"publish","type":"page","link":"https:\/\/www.rybari-klasterec.kabel1.cz\/index.php\/zapisy-ze-schuzi\/","title":{"rendered":"Archiv &#8211; z\u00e1pisy ze sch\u016fz\u00ed v\u00fdboru MO"},"content":{"rendered":"\n<ul>\n<li><a href=\"http:\/\/www.rybari-klasterec.kabel1.cz\/wp-content\/uploads\/2025-04-06_zapis_vyborove_schuze.pdf\">6.4.2025 &#8211; ustavuj\u00edc\u00ed sch\u016fze v\u00fdboru<\/a><\/li>\n\n\n\n<li><a href=\"http:\/\/www.rybari-klasterec.kabel1.cz\/wp-content\/uploads\/2025-04-09_zapis_vyborove_schuze.pdf\">9.4.2025 &#8211; pravideln\u00e1<\/a><\/li>\n\n\n\n<li><a href=\"http:\/\/www.rybari-klasterec.kabel1.cz\/wp-content\/uploads\/2025-04-16_zapis_vyborove_schuze.pdf\">16.4.2025 &#8211; pravideln\u00e1<\/a><\/li>\n\n\n\n<li><a href=\"http:\/\/www.rybari-klasterec.kabel1.cz\/wp-content\/uploads\/2025-04-29_zapis_vyborove_schuze.pdf\">29.4.2025 &#8211; pravideln\u00e1<\/a><\/li>\n\n\n\n<li><a href=\"http:\/\/www.rybari-klasterec.kabel1.cz\/wp-content\/uploads\/2025-05-14_zapis_vyborove_schuze.pdf\">14.5.2025 &#8211; pravideln\u00e1<\/a><\/li>\n\n\n\n<li><a href=\"https:\/\/www.rybari-klasterec.kabel1.cz\/wp-content\/uploads\/2025-05-27.pdf\" data-type=\"attachment\" data-id=\"881\">27.5.2025 &#8211; pravideln\u00e1<\/a><\/li>\n\n\n\n<li><a href=\"https:\/\/www.rybari-klasterec.kabel1.cz\/wp-content\/uploads\/MO_-_11.6.pdf\" data-type=\"attachment\" data-id=\"883\">11.6.2025 &#8211; pravideln\u00e1<\/a><\/li>\n\n\n\n<li><a href=\"https:\/\/www.rybari-klasterec.kabel1.cz\/wp-content\/uploads\/MO_-_25.6.pdf\" data-type=\"attachment\" data-id=\"882\">25.6.2025 &#8211; pravideln\u00e1<\/a><\/li>\n\n\n\n<li><a href=\"https:\/\/www.rybari-klasterec.kabel1.cz\/wp-content\/uploads\/MO_3.9.2025.pdf\" data-type=\"attachment\" data-id=\"895\">3.9.2025 &#8211; pravideln\u00e1<\/a><\/li>\n\n\n\n<li><a href=\"https:\/\/www.rybari-klasterec.kabel1.cz\/wp-content\/uploads\/MO_17.9.2025.pdf\" data-type=\"attachment\" data-id=\"897\">17.9.2025 &#8211; pravideln\u00e1<\/a><\/li>\n\n\n\n<li><a href=\"https:\/\/www.rybari-klasterec.kabel1.cz\/wp-content\/uploads\/MO_15.10.2025.pdf\" data-type=\"attachment\" data-id=\"898\">15.10.2025 &#8211; pravideln\u00e1<\/a><\/li>\n\n\n\n<li><a href=\"https:\/\/www.rybari-klasterec.kabel1.cz\/wp-content\/uploads\/MO_22.10.2025.pdf\" data-type=\"attachment\" data-id=\"899\">22.10.2025 &#8211; n\u00e1hradn\u00ed<\/a><\/li>\n\n\n\n<li><a href=\"https:\/\/www.rybari-klasterec.kabel1.cz\/wp-content\/uploads\/MO_5.11.2025-1.pdf\" data-type=\"attachment\" data-id=\"915\">5.11.2025 &#8211; pravideln\u00e1<\/a><\/li>\n\n\n\n<li><a href=\"http:\/\/www.rybari-klasterec.kabel1.cz\/wp-content\/uploads\/MO-26.11.2025.pdf\">26.11.2025 &#8211; pravideln\u00e1<\/a><\/li>\n\n\n\n<li><a href=\"http:\/\/www.rybari-klasterec.kabel1.cz\/wp-content\/uploads\/MO_10.12.-1.pdf\">10.12.2025 &#8211; pravideln\u00e1<\/a><\/li>\n<\/ul>\n","protected":false},"excerpt":{"rendered":"","protected":false},"author":2,"featured_media":0,"parent":0,"menu_order":0,"comment_status":"closed","ping_status":"closed","template":"","meta":{"footnotes":""},"_links":{"self":[{"href":"https:\/\/www.rybari-klasterec.kabel1.cz\/index.php\/wp-json\/wp\/v2\/pages\/818"}],"collection":[{"href":"https:\/\/www.rybari-klasterec.kabel1.cz\/index.php\/wp-json\/wp\/v2\/pages"}],"about":[{"href":"https:\/\/www.rybari-klasterec.kabel1.cz\/index.php\/wp-json\/wp\/v2\/types\/page"}],"author":[{"embeddable":true,"href":"https:\/\/www.rybari-klasterec.kabel1.cz\/index.php\/wp-json\/wp\/v2\/users\/2"}],"replies":[{"embeddable":true,"href":"https:\/\/www.rybari-klasterec.kabel1.cz\/index.php\/wp-json\/wp\/v2\/comments?post=818"}],"version-history":[{"count":26,"href":"https:\/\/www.rybari-klasterec.kabel1.cz\/index.php\/wp-json\/wp\/v2\/pages\/818\/revisions"}],"predecessor-version":[{"id":982,"href":"https:\/\/www.rybari-klasterec.kabel1.cz\/index.php\/wp-json\/wp\/v2\/pages\/818\/revisions\/982"}],"wp:attachment":[{"href":"https:\/\/www.rybari-klasterec.kabel1.cz\/index.php\/wp-json\/wp\/v2\/media?parent=818"}],"curies":[{"name":"wp","href":"https:\/\/api.w.org\/{rel}","templated":true}]}}